{"id":7626,"date":"2026-04-14T21:17:51","date_gmt":"2026-04-14T19:17:51","guid":{"rendered":"https:\/\/brabogado.com\/?page_id=7626"},"modified":"2026-04-15T11:20:40","modified_gmt":"2026-04-15T09:20:40","slug":"politica-de-privacidad","status":"publish","type":"page","link":"https:\/\/brabogado.com\/index.php\/politica-de-privacidad\/","title":{"rendered":"Pol\u00edtica de Privacidad"},"content":{"rendered":"\n<blockquote class=\"wp-block-quote is-layout-flow wp-block-quote-is-layout-flow\">\n<p class=\"has-black-color has-white-background-color has-text-color has-background has-link-color wp-elements-a2e58a07db6fc21f28b7b41972cea7da\"><strong>POL\u00cdTICA DE PRIVACIDAD Y PROTECCI\u00d3N DE DATOS<\/strong><\/p>\n\n\n\n<p class=\"has-black-color has-white-background-color has-text-color has-background has-link-color wp-elements-f5e11bc899b7a3f5506b68a5ea7cbf54\"><strong>1. Responsable del Tratamiento:<\/strong> Alejandro Bernal Rodr\u00edguez. <strong>2. Finalidad:<\/strong> Gestionar las consultas recibidas a trav\u00e9s de los formularios de contacto, realizar estudios de viabilidad jur\u00eddica solicitados por el usuario y mantener la comunicaci\u00f3n profesional. <strong>3. Legitimaci\u00f3n:<\/strong> El tratamiento se basa en el consentimiento expreso del usuario al marcar la casilla de aceptaci\u00f3n y enviar sus datos. <strong>4. Datos tratados:<\/strong> Solo se tratar\u00e1n los datos estrictamente necesarios para la consulta profesional (nombre, contacto y datos t\u00e9cnicos espec\u00edficos del caso legal). <strong>5. Destinatarios:<\/strong> Los datos no se ceder\u00e1n a terceros, salvo obligaci\u00f3n legal. Se informa que la web utiliza el hosting brabogados.com, cuyos servidores cumplen con el RGPD. <strong>6. Derechos:<\/strong> El usuario puede ejercitar sus derechos de acceso, rectificaci\u00f3n, supresi\u00f3n y portabilidad enviando un email a despacho.brabogados@gmail.com, adjuntando copia de su DNI.<\/p>\n\n\n\n<p class=\"has-black-color has-white-background-color has-text-color has-background has-link-color wp-elements-2dd73ed1c5727f8a8a44c04ee763c91d\"><strong>Confidencialidad:<\/strong> Como abogado, toda la informaci\u00f3n recibida est\u00e1 sujeta al <strong>deber de secreto profesional<\/strong>, garantizando la m\u00e1xima reserva sobre datos personales.<\/p>\n<\/blockquote>\n\n\n\n<p><\/p>\n","protected":false},"excerpt":{"rendered":"<p>POL\u00cdTICA DE PRIVACIDAD Y PROTECCI\u00d3N DE DATOS 1. Responsable del Tratamiento: Alejandro Bernal Rodr\u00edguez. 2. Finalidad: Gestionar las consultas recibidas a trav\u00e9s de los formularios de contacto, realizar estudios de viabilidad jur\u00eddica solicitados por el usuario y mantener la comunicaci\u00f3n profesional. 3. Legitimaci\u00f3n: El tratamiento se basa en el consentimiento expreso del usuario al marcar [&hellip;]<\/p>\n","protected":false},"author":1,"featured_media":0,"parent":0,"menu_order":0,"comment_status":"closed","ping_status":"closed","template":"","meta":{"footnotes":""},"class_list":["post-7626","page","type-page","status-publish","hentry"],"yoast_head":"<!-- This site is optimized with the Yoast SEO plugin v27.4 - https:\/\/yoast.com\/product\/yoast-seo-wordpress\/ -->\n<title>Pol\u00edtica de Privacidad - BR Abogados<\/title>\n<meta name=\"robots\" content=\"index, follow, max-snippet:-1, max-image-preview:large, max-video-preview:-1\" \/>\n<link rel=\"canonical\" href=\"https:\/\/brabogado.com\/index.php\/politica-de-privacidad\/\" \/>\n<meta property=\"og:locale\" content=\"es_ES\" \/>\n<meta property=\"og:type\" content=\"article\" \/>\n<meta property=\"og:title\" content=\"Pol\u00edtica de Privacidad - BR Abogados\" \/>\n<meta property=\"og:description\" content=\"POL\u00cdTICA DE PRIVACIDAD Y PROTECCI\u00d3N DE DATOS 1. Responsable del Tratamiento: Alejandro Bernal Rodr\u00edguez. 2. Finalidad: Gestionar las consultas recibidas a trav\u00e9s de los formularios de contacto, realizar estudios de viabilidad jur\u00eddica solicitados por el usuario y mantener la comunicaci\u00f3n profesional. 3. Legitimaci\u00f3n: El tratamiento se basa en el consentimiento expreso del usuario al marcar [&hellip;]\" \/>\n<meta property=\"og:url\" content=\"https:\/\/brabogado.com\/index.php\/politica-de-privacidad\/\" \/>\n<meta property=\"og:site_name\" content=\"BR Abogados\" \/>\n<meta property=\"article:publisher\" content=\"https:\/\/www.instagram.com\/bernalrodriguez.abogado\/\" \/>\n<meta property=\"article:modified_time\" content=\"2026-04-15T09:20:40+00:00\" \/>\n<meta name=\"twitter:card\" content=\"summary_large_image\" \/>\n<script type=\"application\/ld+json\" class=\"yoast-schema-graph\">{\"@context\":\"https:\\\/\\\/schema.org\",\"@graph\":[{\"@type\":\"WebPage\",\"@id\":\"https:\\\/\\\/brabogado.com\\\/index.php\\\/politica-de-privacidad\\\/\",\"url\":\"https:\\\/\\\/brabogado.com\\\/index.php\\\/politica-de-privacidad\\\/\",\"name\":\"Pol\u00edtica de Privacidad - BR Abogados\",\"isPartOf\":{\"@id\":\"https:\\\/\\\/brabogado.com\\\/#website\"},\"datePublished\":\"2026-04-14T19:17:51+00:00\",\"dateModified\":\"2026-04-15T09:20:40+00:00\",\"breadcrumb\":{\"@id\":\"https:\\\/\\\/brabogado.com\\\/index.php\\\/politica-de-privacidad\\\/#breadcrumb\"},\"inLanguage\":\"es\",\"potentialAction\":[{\"@type\":\"ReadAction\",\"target\":[\"https:\\\/\\\/brabogado.com\\\/index.php\\\/politica-de-privacidad\\\/\"]}]},{\"@type\":\"BreadcrumbList\",\"@id\":\"https:\\\/\\\/brabogado.com\\\/index.php\\\/politica-de-privacidad\\\/#breadcrumb\",\"itemListElement\":[{\"@type\":\"ListItem\",\"position\":1,\"name\":\"Portada\",\"item\":\"https:\\\/\\\/brabogado.com\\\/\"},{\"@type\":\"ListItem\",\"position\":2,\"name\":\"Pol\u00edtica de Privacidad\"}]},{\"@type\":\"WebSite\",\"@id\":\"https:\\\/\\\/brabogado.com\\\/#website\",\"url\":\"https:\\\/\\\/brabogado.com\\\/\",\"name\":\"BR Abogado\",\"description\":\"BR Abogados es la soluci\u00f3n que necesitas\",\"publisher\":{\"@id\":\"https:\\\/\\\/brabogado.com\\\/#organization\"},\"potentialAction\":[{\"@type\":\"SearchAction\",\"target\":{\"@type\":\"EntryPoint\",\"urlTemplate\":\"https:\\\/\\\/brabogado.com\\\/?s={search_term_string}\"},\"query-input\":{\"@type\":\"PropertyValueSpecification\",\"valueRequired\":true,\"valueName\":\"search_term_string\"}}],\"inLanguage\":\"es\"},{\"@type\":\"Organization\",\"@id\":\"https:\\\/\\\/brabogado.com\\\/#organization\",\"name\":\"BR Abogado\",\"url\":\"https:\\\/\\\/brabogado.com\\\/\",\"logo\":{\"@type\":\"ImageObject\",\"inLanguage\":\"es\",\"@id\":\"https:\\\/\\\/brabogado.com\\\/#\\\/schema\\\/logo\\\/image\\\/\",\"url\":\"https:\\\/\\\/www.brabodagos.com\\\/wp-content\\\/uploads\\\/2025\\\/05\\\/portada_estrechada_transparente.png\",\"contentUrl\":\"https:\\\/\\\/www.brabodagos.com\\\/wp-content\\\/uploads\\\/2025\\\/05\\\/portada_estrechada_transparente.png\",\"width\":930,\"height\":623,\"caption\":\"BR Abogado\"},\"image\":{\"@id\":\"https:\\\/\\\/brabogado.com\\\/#\\\/schema\\\/logo\\\/image\\\/\"},\"sameAs\":[\"https:\\\/\\\/www.instagram.com\\\/bernalrodriguez.abogado\\\/\"]}]}<\/script>\n<!-- \/ Yoast SEO plugin. -->","yoast_head_json":{"title":"Pol\u00edtica de Privacidad - BR Abogados","robots":{"index":"index","follow":"follow","max-snippet":"max-snippet:-1","max-image-preview":"max-image-preview:large","max-video-preview":"max-video-preview:-1"},"canonical":"https:\/\/brabogado.com\/index.php\/politica-de-privacidad\/","og_locale":"es_ES","og_type":"article","og_title":"Pol\u00edtica de Privacidad - BR Abogados","og_description":"POL\u00cdTICA DE PRIVACIDAD Y PROTECCI\u00d3N DE DATOS 1. Responsable del Tratamiento: Alejandro Bernal Rodr\u00edguez. 2. Finalidad: Gestionar las consultas recibidas a trav\u00e9s de los formularios de contacto, realizar estudios de viabilidad jur\u00eddica solicitados por el usuario y mantener la comunicaci\u00f3n profesional. 3. Legitimaci\u00f3n: El tratamiento se basa en el consentimiento expreso del usuario al marcar [&hellip;]","og_url":"https:\/\/brabogado.com\/index.php\/politica-de-privacidad\/","og_site_name":"BR Abogados","article_publisher":"https:\/\/www.instagram.com\/bernalrodriguez.abogado\/","article_modified_time":"2026-04-15T09:20:40+00:00","twitter_card":"summary_large_image","schema":{"@context":"https:\/\/schema.org","@graph":[{"@type":"WebPage","@id":"https:\/\/brabogado.com\/index.php\/politica-de-privacidad\/","url":"https:\/\/brabogado.com\/index.php\/politica-de-privacidad\/","name":"Pol\u00edtica de Privacidad - BR Abogados","isPartOf":{"@id":"https:\/\/brabogado.com\/#website"},"datePublished":"2026-04-14T19:17:51+00:00","dateModified":"2026-04-15T09:20:40+00:00","breadcrumb":{"@id":"https:\/\/brabogado.com\/index.php\/politica-de-privacidad\/#breadcrumb"},"inLanguage":"es","potentialAction":[{"@type":"ReadAction","target":["https:\/\/brabogado.com\/index.php\/politica-de-privacidad\/"]}]},{"@type":"BreadcrumbList","@id":"https:\/\/brabogado.com\/index.php\/politica-de-privacidad\/#breadcrumb","itemListElement":[{"@type":"ListItem","position":1,"name":"Portada","item":"https:\/\/brabogado.com\/"},{"@type":"ListItem","position":2,"name":"Pol\u00edtica de Privacidad"}]},{"@type":"WebSite","@id":"https:\/\/brabogado.com\/#website","url":"https:\/\/brabogado.com\/","name":"BR Abogado","description":"BR Abogados es la soluci\u00f3n que necesitas","publisher":{"@id":"https:\/\/brabogado.com\/#organization"},"potentialAction":[{"@type":"SearchAction","target":{"@type":"EntryPoint","urlTemplate":"https:\/\/brabogado.com\/?s={search_term_string}"},"query-input":{"@type":"PropertyValueSpecification","valueRequired":true,"valueName":"search_term_string"}}],"inLanguage":"es"},{"@type":"Organization","@id":"https:\/\/brabogado.com\/#organization","name":"BR Abogado","url":"https:\/\/brabogado.com\/","logo":{"@type":"ImageObject","inLanguage":"es","@id":"https:\/\/brabogado.com\/#\/schema\/logo\/image\/","url":"https:\/\/www.brabodagos.com\/wp-content\/uploads\/2025\/05\/portada_estrechada_transparente.png","contentUrl":"https:\/\/www.brabodagos.com\/wp-content\/uploads\/2025\/05\/portada_estrechada_transparente.png","width":930,"height":623,"caption":"BR Abogado"},"image":{"@id":"https:\/\/brabogado.com\/#\/schema\/logo\/image\/"},"sameAs":["https:\/\/www.instagram.com\/bernalrodriguez.abogado\/"]}]}},"_links":{"self":[{"href":"https:\/\/brabogado.com\/index.php\/wp-json\/wp\/v2\/pages\/7626","targetHints":{"allow":["GET"]}}],"collection":[{"href":"https:\/\/brabogado.com\/index.php\/wp-json\/wp\/v2\/pages"}],"about":[{"href":"https:\/\/brabogado.com\/index.php\/wp-json\/wp\/v2\/types\/page"}],"author":[{"embeddable":true,"href":"https:\/\/brabogado.com\/index.php\/wp-json\/wp\/v2\/users\/1"}],"replies":[{"embeddable":true,"href":"https:\/\/brabogado.com\/index.php\/wp-json\/wp\/v2\/comments?post=7626"}],"version-history":[{"count":5,"href":"https:\/\/brabogado.com\/index.php\/wp-json\/wp\/v2\/pages\/7626\/revisions"}],"predecessor-version":[{"id":7641,"href":"https:\/\/brabogado.com\/index.php\/wp-json\/wp\/v2\/pages\/7626\/revisions\/7641"}],"wp:attachment":[{"href":"https:\/\/brabogado.com\/index.php\/wp-json\/wp\/v2\/media?parent=7626"}],"curies":[{"name":"wp","href":"https:\/\/api.w.org\/{rel}","templated":true}]}}